{"id":1295,"date":"2026-03-02T09:37:04","date_gmt":"2026-03-02T08:37:04","guid":{"rendered":"https:\/\/www.truetone.pl\/?page_id=1295"},"modified":"2026-03-03T12:31:53","modified_gmt":"2026-03-03T11:31:53","slug":"24-05-marcin-masecki-boleros","status":"publish","type":"page","link":"https:\/\/www.truetone.pl\/index.php\/24-05-marcin-masecki-boleros\/","title":{"rendered":"24.05. Marcin Masecki BOLEROS"},"content":{"rendered":"\n<div class=\"wp-block-columns is-layout-flex wp-container-core-columns-is-layout-28f84493 wp-block-columns-is-layout-flex\">\n<div class=\"wp-block-column is-layout-flow wp-block-column-is-layout-flow\" style=\"flex-basis:66.66%\">\n<p class=\"has-two-color has-one-background-color has-text-color has-background\" style=\"font-size:28px\">RUINY TEATRU VICTORIA<br>Al. Przyja\u017ani 18, Gliwice,godz. 19:00<\/p>\n<\/div>\n\n\n\n<div class=\"wp-block-column is-layout-flow wp-block-column-is-layout-flow\" style=\"flex-basis:33.33%\">\n<div class=\"wp-block-buttons is-layout-flex wp-block-buttons-is-layout-flex\">\n<div class=\"wp-block-button\"><a class=\"wp-block-button__link wp-element-button\" href=\"https:\/\/ckv.systembiletowy.pl\/index.php\/repertoire.html?id=5456\">BILETY<\/a><\/div>\n\n\n\n<div class=\"wp-block-button\"><a class=\"wp-block-button__link wp-element-button\" href=\"https:\/\/www.truetone.pl\/index.php\/line-up-2026\/\">LINE-UP &#8217;26<\/a><\/div>\n<\/div>\n<\/div>\n<\/div>\n\n\n\n<div class=\"wp-block-columns is-layout-flex wp-container-core-columns-is-layout-28f84493 wp-block-columns-is-layout-flex\">\n<div class=\"wp-block-column is-layout-flow wp-block-column-is-layout-flow\">\n<figure class=\"wp-block-image aligncenter size-large\"><img fetchpriority=\"high\" decoding=\"async\" width=\"1024\" height=\"1024\" src=\"https:\/\/www.truetone.pl\/wp-content\/uploads\/2026\/03\/8-1024x1024.jpg\" alt=\"\" class=\"wp-image-1296\" srcset=\"https:\/\/www.truetone.pl\/wp-content\/uploads\/2026\/03\/8-1024x1024.jpg 1024w, https:\/\/www.truetone.pl\/wp-content\/uploads\/2026\/03\/8-300x300.jpg 300w, https:\/\/www.truetone.pl\/wp-content\/uploads\/2026\/03\/8-150x150.jpg 150w, https:\/\/www.truetone.pl\/wp-content\/uploads\/2026\/03\/8-768x768.jpg 768w, https:\/\/www.truetone.pl\/wp-content\/uploads\/2026\/03\/8.jpg 1080w\" sizes=\"(max-width: 1024px) 100vw, 1024px\" \/><\/figure>\n\n\n\n<p style=\"font-size:12px\"><\/p>\n<\/div>\n\n\n\n<div class=\"wp-block-column is-layout-flow wp-block-column-is-layout-flow\">\n<p style=\"font-size:16px\"><strong>Marcin Masecki prezentuje program\u201eBoleros y Masecki\u201d<\/strong>, dalszy ci\u0105g jego osobistej podr\u00f3\u017cy po muzyce Ameryki \u0141aci\u0144skiej. Tradycyjnie znajdziemy w nim pi\u0119kne bolera i inne gatunki z tamtej cz\u0119\u015bci \u015bwiata, tym razem przedstawione w bardziej subiektywny i autorski spos\u00f3b.<br>Zesp\u00f3\u0142 powi\u0119kszy\u0142 si\u0119 o dwie tr\u0105bki, dwa puzony i dwa saksofony, a rozleg\u0142e aran\u017cacje artysty zmieniaj\u0105 popularne piosenki w wielocz\u0119\u015bciowe poematy symfoniczne. \u201eBoleros y Masecki\u201d to fascynuj\u0105ca synteza latynoskiej kultury ze s\u0142owia\u0144sk\u0105 wra\u017cliwo\u015bci\u0105. Na naszych oczach rodzi si\u0119 nowy gatunek. <br>Marcin Masecki sp\u0119dzi\u0142 dzieci\u0144stwo w Popayan, ma\u0142ym miasteczku u podn\u00f3\u017ca And\u00f3w w Kolumbii. P\u00f3\u017aniej, na studiach w Bostonie, pozna\u0142 Candelari\u0119 Saenz Valiente, dziewczyn\u0119 z Buenos Aires. Wzi\u0119li \u015blub.<br>P\u00f3\u0142 wieku wcze\u015bniej w Buenos Aires poznali si\u0119 dziadkowie Maseckiego \u2013 babcia by\u0142a c\u00f3rk\u0105 dyrektora Banku Polskiego, a dziadka wypchn\u0119\u0142a II wojna \u015bwiatowa. <\/p>\n\n\n\n<p style=\"font-size:16px\">Marcin Masecki &#8211; pianista, kompozytor, aran\u017cer, dyrygent, kurator, pedagog. Jego dzia\u0142alno\u015b\u0107 obejmuje szerokie spektrum stylistyczne, a wirtuozowskie \u0142\u0105czenie gatunk\u00f3w oraz \u0142amanie granic mi\u0119dzy sztuk\u0105 wysok\u0105 a rozrywkow\u0105 to znaki rozpoznawcze. Jego najnowsze projekty\u2013Boleros y mas (2023) oraz Boleros y Masecki (2025) \u2013 po\u015bwi\u0119cone s\u0105 muzyce latynoameryka\u0144skiej, z kt\u00f3r\u0105 artysta zwi\u0105zany jest m.in.poprzez swoje dzieci\u0144stwo. Wsp\u00f3\u0142tworzy\u0142 r\u00f3wnie\u017c orkiestr\u0119 Jazz Band M\u0142ynarski-Masecki, wykonuj\u0105c\u0105 przedwojenny polski jazz w autorskich opracowaniach. Regularnie koncertuje z repertuarem klasycznym\u2013solo, kameralnie oraz z orkiestrami. Jest sta\u0142ym kuratorem \u017cycia muzycznego w Warszawie, organizuj\u0105c festiwale i projekty integruj\u0105ce muzyk\u00f3w z r\u00f3\u017cnych \u015brodowisk. Co roku prowadzi klas\u0119 improwizacji na Festiwalu Ensemble. Jako kompozytor zaprezentowa\u0142 w maju 2023 roku nowy poemat symfoniczny pt. W Wariacjach Goldbergowskich s\u0105 trzy polonezy, eksploruj\u0105cy zwi\u0105zki mi\u0119dzy tw\u00f3rczo\u015bci\u0105 Bacha a polskim ta\u0144cem narodowym. Ma na koncie trzy symfonie oraz koncert fortepianowy. Tworzy r\u00f3wnie\u017c muzyk\u0119 filmow\u0105 i teatraln\u0105. Jest laureatem Or\u0142a za muzyk\u0119 do filmu Powr\u00f3t do tamtych dni. By\u0142 aran\u017cerem, kompozytorem i konsultantem muzycznym przy filmie Zimna wojna, jak r\u00f3wnie\u017c przy nadchodz\u0105cym projekcie Paw\u0142a Pawlikowskiego 1949 (nagroda dla \u201eNajlepszego Re\u017cysera\u201d w Cannes). Wcze\u015bniej skomponowa\u0142 m.in. \u015bcie\u017cki d\u017awi\u0119kowe do film\u00f3w: O zwierz\u0119tach i ludziach (re\u017c. \u0141ukasz Czajka), Fuck For Forest (re\u017c. Micha\u0142 Marczak) oraz Obce niebo (re\u017c. Dariusz Gajewski).<\/p>\n\n\n\n<p style=\"font-size:16px\">Regularnie wsp\u00f3\u0142pracuje z Polskim Radiem, Teatrem Studio, Barem Studio, oraz orkiestrami MACV i Capell\u0105 Cracoviensis.<\/p>\n<\/div>\n<\/div>\n","protected":false},"excerpt":{"rendered":"<p>RUINY TEATRU VICTORIAAl. Przyja\u017ani 18, Gliwice,godz. 19:00 Marcin Masecki prezentuje program\u201eBoleros y Masecki\u201d, dalszy ci\u0105g jego osobistej podr\u00f3\u017cy po muzyce Ameryki \u0141aci\u0144skiej. Tradycyjnie znajdziemy w nim pi\u0119kne bolera i inne gatunki z tamtej cz\u0119\u015bci \u015bwiata, tym razem przedstawione w bardziej subiektywny i autorski spos\u00f3b.Zesp\u00f3\u0142 powi\u0119kszy\u0142 si\u0119 o dwie tr\u0105bki, dwa puzony i dwa saksofony, a [&hellip;]<\/p>\n","protected":false},"author":2,"featured_media":0,"parent":0,"menu_order":0,"comment_status":"closed","ping_status":"closed","template":"","meta":{"footnotes":""},"class_list":["post-1295","page","type-page","status-publish","hentry"],"featured_image_src":false,"featured_image_src_square":false,"rbea_author_info":{"display_name":"Redaktor","author_link":"https:\/\/www.truetone.pl\/index.php\/author\/redaktor\/"},"rbea_excerpt_info":"RUINY TEATRU VICTORIAAl. Przyja\u017ani 18, Gliwice,godz. 19:00 Marcin Masecki prezentuje program\u201eBoleros y Masecki\u201d, dalszy ci\u0105g jego osobistej podr\u00f3\u017cy po muzyce Ameryki \u0141aci\u0144skiej. Tradycyjnie znajdziemy w nim pi\u0119kne bolera i inne gatunki z tamtej cz\u0119\u015bci \u015bwiata, tym razem przedstawione w bardziej subiektywny i autorski spos\u00f3b.Zesp\u00f3\u0142 powi\u0119kszy\u0142 si\u0119 o dwie tr\u0105bki, dwa puzony i dwa saksofony, a [&hellip;]","_links":{"self":[{"href":"https:\/\/www.truetone.pl\/index.php\/wp-json\/wp\/v2\/pages\/1295","targetHints":{"allow":["GET"]}}],"collection":[{"href":"https:\/\/www.truetone.pl\/index.php\/wp-json\/wp\/v2\/pages"}],"about":[{"href":"https:\/\/www.truetone.pl\/index.php\/wp-json\/wp\/v2\/types\/page"}],"author":[{"embeddable":true,"href":"https:\/\/www.truetone.pl\/index.php\/wp-json\/wp\/v2\/users\/2"}],"replies":[{"embeddable":true,"href":"https:\/\/www.truetone.pl\/index.php\/wp-json\/wp\/v2\/comments?post=1295"}],"version-history":[{"count":4,"href":"https:\/\/www.truetone.pl\/index.php\/wp-json\/wp\/v2\/pages\/1295\/revisions"}],"predecessor-version":[{"id":1326,"href":"https:\/\/www.truetone.pl\/index.php\/wp-json\/wp\/v2\/pages\/1295\/revisions\/1326"}],"wp:attachment":[{"href":"https:\/\/www.truetone.pl\/index.php\/wp-json\/wp\/v2\/media?parent=1295"}],"curies":[{"name":"wp","href":"https:\/\/api.w.org\/{rel}","templated":true}]}}