{"id":1281,"date":"2026-02-16T16:52:59","date_gmt":"2026-02-16T15:52:59","guid":{"rendered":"https:\/\/www.truetone.pl\/?page_id=1281"},"modified":"2026-03-09T17:26:15","modified_gmt":"2026-03-09T16:26:15","slug":"23-05-klawo","status":"publish","type":"page","link":"https:\/\/www.truetone.pl\/index.php\/23-05-klawo\/","title":{"rendered":"23.05 Ben Bekele \/ KLAWO"},"content":{"rendered":"\n<div class=\"wp-block-columns is-layout-flex wp-container-core-columns-is-layout-28f84493 wp-block-columns-is-layout-flex\">\n<div class=\"wp-block-column is-layout-flow wp-block-column-is-layout-flow\" style=\"flex-basis:66.66%\">\n<p class=\"has-two-color has-one-background-color has-text-color has-background\" style=\"font-size:28px\">RUINY TEATRU VICTORIA<br>Al. Przyja\u017ani 18, Gliwice<br>I koncert godz. 19:00, II koncert godz. 21:00<\/p>\n<\/div>\n\n\n\n<div class=\"wp-block-column is-layout-flow wp-block-column-is-layout-flow\" style=\"flex-basis:33.33%\">\n<div class=\"wp-block-buttons is-layout-flex wp-block-buttons-is-layout-flex\">\n<div class=\"wp-block-button\"><a class=\"wp-block-button__link wp-element-button\" href=\"https:\/\/ckv.systembiletowy.pl\/index.php\/repertoire.html?id=5455\">BILETY<\/a><\/div>\n\n\n\n<div class=\"wp-block-button\"><a class=\"wp-block-button__link wp-element-button\" href=\"https:\/\/www.truetone.pl\/index.php\/line-up-2026\/\">LINE-UP &#8217;26<\/a><\/div>\n<\/div>\n<\/div>\n<\/div>\n\n\n\n<div class=\"wp-block-columns is-layout-flex wp-container-core-columns-is-layout-28f84493 wp-block-columns-is-layout-flex\">\n<div class=\"wp-block-column is-layout-flow wp-block-column-is-layout-flow\">\n<figure class=\"wp-block-image size-large\"><img fetchpriority=\"high\" decoding=\"async\" width=\"1024\" height=\"1024\" src=\"https:\/\/www.truetone.pl\/wp-content\/uploads\/2026\/03\/TT26-Ben-Bekele-1080x1080-1-1024x1024.jpg\" alt=\"\" class=\"wp-image-1332\" srcset=\"https:\/\/www.truetone.pl\/wp-content\/uploads\/2026\/03\/TT26-Ben-Bekele-1080x1080-1-1024x1024.jpg 1024w, https:\/\/www.truetone.pl\/wp-content\/uploads\/2026\/03\/TT26-Ben-Bekele-1080x1080-1-300x300.jpg 300w, https:\/\/www.truetone.pl\/wp-content\/uploads\/2026\/03\/TT26-Ben-Bekele-1080x1080-1-150x150.jpg 150w, https:\/\/www.truetone.pl\/wp-content\/uploads\/2026\/03\/TT26-Ben-Bekele-1080x1080-1-768x768.jpg 768w, https:\/\/www.truetone.pl\/wp-content\/uploads\/2026\/03\/TT26-Ben-Bekele-1080x1080-1.jpg 1080w\" sizes=\"(max-width: 1024px) 100vw, 1024px\" \/><\/figure>\n<\/div>\n\n\n\n<div class=\"wp-block-column is-layout-flow wp-block-column-is-layout-flow\">\n<figure class=\"wp-block-image size-large\"><img decoding=\"async\" width=\"1024\" height=\"1024\" src=\"https:\/\/www.truetone.pl\/wp-content\/uploads\/2026\/02\/TT26-KLAWO-1080x1080-1-1024x1024.jpg\" alt=\"KLAWO\" class=\"wp-image-1282\" srcset=\"https:\/\/www.truetone.pl\/wp-content\/uploads\/2026\/02\/TT26-KLAWO-1080x1080-1-1024x1024.jpg 1024w, https:\/\/www.truetone.pl\/wp-content\/uploads\/2026\/02\/TT26-KLAWO-1080x1080-1-300x300.jpg 300w, https:\/\/www.truetone.pl\/wp-content\/uploads\/2026\/02\/TT26-KLAWO-1080x1080-1-150x150.jpg 150w, https:\/\/www.truetone.pl\/wp-content\/uploads\/2026\/02\/TT26-KLAWO-1080x1080-1-768x768.jpg 768w, https:\/\/www.truetone.pl\/wp-content\/uploads\/2026\/02\/TT26-KLAWO-1080x1080-1.jpg 1080w\" sizes=\"(max-width: 1024px) 100vw, 1024px\" \/><\/figure>\n<\/div>\n<\/div>\n\n\n\n<div class=\"wp-block-columns is-layout-flex wp-container-core-columns-is-layout-28f84493 wp-block-columns-is-layout-flex\">\n<div class=\"wp-block-column is-layout-flow wp-block-column-is-layout-flow\">\n<p style=\"font-size:16px\">&#8222;BEN BEKELE nie istnieje. Przynajmniej ten, o kt\u00f3rym ja my\u015bl\u0119. To mieszanka wspomnie\u0144 i fantazji z po\u0142owy lat \u201980, kiedy to m\u00f3j ojciec odwiedzi\u0142 Etiopi\u0119, przywo\u017c\u0105c dwa ma\u0142e b\u0119bny, kilka zdj\u0119\u0107 i mn\u00f3stwo opowie\u015bci. Jedn\u0105 z nich by\u0142a historia ch\u0142opca o imieniu Bekele, kt\u00f3ry nauczy\u0142 go tradycyjnej piosenki. Ojciec przekaza\u0142 nam t\u0119 piosenk\u0119 jak potrafi\u0142 najlepiej &#8211; teraz mam pewne w\u0105tpliwo\u015bci co do dok\u0142adno\u015bci tego przekazu &#8211; wtedy jednak by\u0142em zachwycony. Wiele lat p\u00f3\u017aniej, gdy przygotowywa\u0142em utw\u00f3r na sk\u0142adank\u0119 \u201ePortrety\u201d w U Know Me Records, u\u015bwiadomi\u0142em sobie, \u017ce linia basu, kt\u00f3r\u0105 stworzy\u0142em, bardzo przypomina fragment w\u0142a\u015bnie tej piosenki. Widocznie melodia ta wry\u0142a si\u0119 gdzie\u015b g\u0142\u0119boko w pod\u015bwiadomo\u015b\u0107 i niespodziewanie wy\u0142oni\u0142a z za\u015bwiat\u00f3w. W zwi\u0105zku z tym postanowi\u0142em uhonorowa\u0107 pami\u0119\u0107 o moim zmar\u0142ym przed 30 laty tacie (na kt\u00f3rego znajomi m\u00f3wili w\u0142a\u015bnie Ben) nadaj\u0105c kompozycji tytu\u0142: \u201eThe Life and Death of Ben Bekele\u201d.<br>Utw\u00f3r okaza\u0142 si\u0119 dla mnie bardzo szcz\u0119\u015bliwy &#8211; jego sukces znacznie przer\u00f3s\u0142 oczekiwania, a w mojej g\u0142owie zacz\u0105\u0142 tli\u0107 si\u0119 pomys\u0142 p\u00f3j\u015bcia dalej za Benem Bekele. Tym razem nie chcia\u0142em pracowa\u0107 sam. Zaprosi\u0142em do wsp\u00f3\u0142pracy Kamila Piotrowicza i Igora Wi\u015bniewskiego. Niesamowicie kreatywnych, wra\u017cliwych artyst\u00f3w oraz wspania\u0142ych kompan\u00f3w na scenie i poza ni\u0105. Muzyka na tym albumie tylko w niewielkim stopniu przypomina utw\u00f3r \u201eza\u0142o\u017cycielski\u201d . Ma jednak z nim kilka wsp\u00f3lnych cech, ze skupieniem si\u0119 na rytmie jako czynniku formotw\u00f3rczym, na czele. Jest te\u017c organiczna, emocjonalna, momentami transowa i ilustracyjna. Mam szczer\u0105 nadziej\u0119, \u017ce s\u0142uchaj\u0105c tej muzyki, oderwiecie si\u0119 na te kilkadziesi\u0105t minut od otaczaj\u0105cej nas, niezbyt czasem przyjemnej, codzienno\u015bci.&#8221;<\/p>\n\n\n\n<p style=\"font-size:16px\">&#8211; Hubert Zemler<\/p>\n\n\n\n<p style=\"font-size:16px\"><\/p>\n\n\n\n<p class=\"has-midsmall-font-size\">SK\u0141AD:<\/p>\n\n\n\n<p style=\"font-size:16px\">Hubert Zemler &#8211; perkusja<br>Kamil Piotrowicz &#8211; instrumenty klawiszowe<br>Igor Wi\u015bniewski &#8211; gitara<\/p>\n<\/div>\n\n\n\n<div class=\"wp-block-column is-layout-flow wp-block-column-is-layout-flow\">\n<p style=\"font-size:16px\"><strong>Klawo <\/strong>bazuje na eklektyzmie lat 70 &#8211; epoki w kt\u00f3rej funk, soul, fusion i psychodelia by\u0142y jeszcze za m\u0142ode,by wiedzie\u0107 \u017ce s\u0105 osobnymi gatunkami &#8211; brawurowo mieszaj\u0105 oldschool ze<br>wsp\u00f3\u0142czesnym post-dillowskim jazzem, indie oraz elektronik\u0105. Inspiruj\u0105c si\u0119 w r\u00f3wnym stopniu klasykami gatunku, co odleg\u0142ymi od g\u0142\u00f3wnego nurtu outsiderskimi songwriterami. Gda\u0144ski sekstet zagra\u0142 do tej pory oko\u0142o 90 koncert\u00f3w w 13 krajach i uznawany jest za jeden z najbardziej obiecuj\u0105cych m\u0142odych<br>sk\u0142ad\u00f3w wsp\u00f3\u0142czesnej polskiej alternatywy.<\/p>\n\n\n\n<p style=\"font-size:16px\">Klawo powsta\u0142o w 2020 roku w Gda\u0144sku. Ich znakomicie przyj\u0119te albumy studyjne, a tak\u017ce pe\u0142ne energii wyst\u0119py na \u017cywo, zapewni\u0142y zespo\u0142owi miejsce w line-upach najwa\u017cniejszych europejskich festiwali, w tym legendarnych imprez takich jak Montreux Jazz Festival (Szwajcaria), Eurosonic (Holandia) czy Fusion Festival (Niemcy). Jesieni\u0105 2025 Klawo po raz pierwszy w swojej karierze wyst\u0105pi\u0142 w Azji, w ramach Sound Culture: Poland x Japan Music Festival (Osaka, Japonia), czemu towarzyszy\u0142o wydanie EP-ki Osaka Cuts. Zesp\u00f3\u0142 ma te\u017c na koncie wyst\u0119py na najwi\u0119kszych polskich wydarzeniach, takich jak Off Festival, M\u0119skie Granie, Inside Seaside, Tauron Nowa Muzyka, czy Jazz Around.<\/p>\n\n\n\n<p style=\"font-size:16px\">28 marca 2025, nak\u0142adem Coastline Northern Cuts, ukaza\u0142o si\u0119 drugie LP zespo\u0142u zatytu\u0142owane &#8222;2 bobry i zach\u00f3d s\u0142o\u0144ca&#8221;. P\u0142yta jest efektem godzin sp\u0119dzonych w trasie, wsp\u00f3lnych sesji i kolektywnej pracy nad kompozycjami. Zesp\u00f3\u0142 pozostaje wierny swojej zasadzie, cytuj\u0105c, demokracji z dyplomacj\u0105 \u2013 ka\u017cdy wnosi pomys\u0142y, kt\u00f3re s\u0105 rozwijane przez ca\u0142y sk\u0142ad. Efektem jest eklektyczny album pe\u0142en niespodzianek i stylistycznych wolt.<\/p>\n\n\n\n<p style=\"font-size:16px\">W marcu 2023 roku Klawo zosta\u0142o finalist\u0105 programu HEMI Music Awards, inicjatywy wspieraj\u0105cej artyst\u00f3w z Europy \u015arodkowo-Wschodniej w zagranicznym eksporcie. W lipcu tego samego roku sk\u0142ad zdoby\u0142 pierwsz\u0105 nagrod\u0119 w mi\u0119dzynarodowym konkursie Jazz in The Park, (Cluj-Napoca, Rumunia). W sierpniu 2023 r. ukaza\u0142 si\u0119 pierwszy koncertowy album zespo\u0142u &#8211; Live! &#8211; nagrany podczas festiwalu Sea You Tricity Music Showcase. W pierwszej po\u0142owie 2026 zesp\u00f3\u0142 planuje wydanie kolejnego materia\u0142u live, nagranego podczas zesz\u0142orocznego koncertu na Montreux Jazz Festival.<\/p>\n\n\n\n<p style=\"font-size:29px\"><strong>SK\u0141AD:<\/strong><\/p>\n\n\n\n<p style=\"font-size:16px\">Konstanty Kostka &#8211; klawisze, perkusja, wokal<br>Jakub Krzanowski &#8211; perkusja<br>Tomasz Rafalski &#8211; klawisze, perkusja, wokal<br>Alicja Sobstyl &#8211; flet, wokal<br>Artur Szalsza &#8211; bas, gitara<br>Karol Tch\u00f3rz &#8211; tr\u0105bka<\/p>\n\n\n\n<p style=\"font-size:16px\"><\/p>\n<\/div>\n<\/div>\n","protected":false},"excerpt":{"rendered":"<p>RUINY TEATRU VICTORIAAl. Przyja\u017ani 18, GliwiceI koncert godz. 19:00, II koncert godz. 21:00 &#8222;BEN BEKELE nie istnieje. Przynajmniej ten, o kt\u00f3rym ja my\u015bl\u0119. To mieszanka wspomnie\u0144 i fantazji z po\u0142owy lat \u201980, kiedy to m\u00f3j ojciec odwiedzi\u0142 Etiopi\u0119, przywo\u017c\u0105c dwa ma\u0142e b\u0119bny, kilka zdj\u0119\u0107 i mn\u00f3stwo opowie\u015bci. Jedn\u0105 z nich by\u0142a historia ch\u0142opca o imieniu [&hellip;]<\/p>\n","protected":false},"author":2,"featured_media":0,"parent":0,"menu_order":0,"comment_status":"closed","ping_status":"closed","template":"","meta":{"footnotes":""},"class_list":["post-1281","page","type-page","status-publish","hentry"],"featured_image_src":false,"featured_image_src_square":false,"rbea_author_info":{"display_name":"Redaktor","author_link":"https:\/\/www.truetone.pl\/index.php\/author\/redaktor\/"},"rbea_excerpt_info":"RUINY TEATRU VICTORIAAl. Przyja\u017ani 18, GliwiceI koncert godz. 19:00, II koncert godz. 21:00 &#8222;BEN BEKELE nie istnieje. Przynajmniej ten, o kt\u00f3rym ja my\u015bl\u0119. To mieszanka wspomnie\u0144 i fantazji z po\u0142owy lat \u201980, kiedy to m\u00f3j ojciec odwiedzi\u0142 Etiopi\u0119, przywo\u017c\u0105c dwa ma\u0142e b\u0119bny, kilka zdj\u0119\u0107 i mn\u00f3stwo opowie\u015bci. Jedn\u0105 z nich by\u0142a historia ch\u0142opca o imieniu [&hellip;]","_links":{"self":[{"href":"https:\/\/www.truetone.pl\/index.php\/wp-json\/wp\/v2\/pages\/1281","targetHints":{"allow":["GET"]}}],"collection":[{"href":"https:\/\/www.truetone.pl\/index.php\/wp-json\/wp\/v2\/pages"}],"about":[{"href":"https:\/\/www.truetone.pl\/index.php\/wp-json\/wp\/v2\/types\/page"}],"author":[{"embeddable":true,"href":"https:\/\/www.truetone.pl\/index.php\/wp-json\/wp\/v2\/users\/2"}],"replies":[{"embeddable":true,"href":"https:\/\/www.truetone.pl\/index.php\/wp-json\/wp\/v2\/comments?post=1281"}],"version-history":[{"count":6,"href":"https:\/\/www.truetone.pl\/index.php\/wp-json\/wp\/v2\/pages\/1281\/revisions"}],"predecessor-version":[{"id":1334,"href":"https:\/\/www.truetone.pl\/index.php\/wp-json\/wp\/v2\/pages\/1281\/revisions\/1334"}],"wp:attachment":[{"href":"https:\/\/www.truetone.pl\/index.php\/wp-json\/wp\/v2\/media?parent=1281"}],"curies":[{"name":"wp","href":"https:\/\/api.w.org\/{rel}","templated":true}]}}