{"id":1271,"date":"2026-02-09T12:18:39","date_gmt":"2026-02-09T11:18:39","guid":{"rendered":"https:\/\/www.truetone.pl\/?page_id=1271"},"modified":"2026-03-24T10:35:18","modified_gmt":"2026-03-24T09:35:18","slug":"29-05-nene-heroine","status":"publish","type":"page","link":"https:\/\/www.truetone.pl\/index.php\/29-05-nene-heroine\/","title":{"rendered":"29.05 Nene Heroine \/ Earth and Bones"},"content":{"rendered":"\n<div class=\"wp-block-columns is-layout-flex wp-container-core-columns-is-layout-28f84493 wp-block-columns-is-layout-flex\">\n<div class=\"wp-block-column is-layout-flow wp-block-column-is-layout-flow\" style=\"flex-basis:66.66%\">\n<p class=\"has-two-color has-one-background-color has-text-color has-background\" style=\"font-size:28px\">RUINY TEATRU VICTORIA<br>Al. Przyja\u017ani 18, Gliwice<br>I koncert godz. 19:00, II koncert godz. 21:00<\/p>\n<\/div>\n\n\n\n<div class=\"wp-block-column is-layout-flow wp-block-column-is-layout-flow\" style=\"flex-basis:33.33%\">\n<div class=\"wp-block-buttons is-layout-flex wp-block-buttons-is-layout-flex\">\n<div class=\"wp-block-button\"><a class=\"wp-block-button__link wp-element-button\" href=\"https:\/\/ckv.systembiletowy.pl\/index.php\/repertoire.html?id=5468\">BILETY<\/a><\/div>\n\n\n\n<div class=\"wp-block-button\"><a class=\"wp-block-button__link wp-element-button\" href=\"https:\/\/www.truetone.pl\/index.php\/line-up-2026\/\">LINE-UP &#8217;26<\/a><\/div>\n<\/div>\n<\/div>\n<\/div>\n\n\n\n<div class=\"wp-block-columns is-layout-flex wp-container-core-columns-is-layout-28f84493 wp-block-columns-is-layout-flex\">\n<div class=\"wp-block-column is-layout-flow wp-block-column-is-layout-flow\">\n<figure class=\"wp-block-image aligncenter size-large\"><img fetchpriority=\"high\" decoding=\"async\" width=\"1024\" height=\"1024\" src=\"https:\/\/www.truetone.pl\/wp-content\/uploads\/2026\/03\/TT26-Earth-and-Bones-Marcin-Rak-1080x1080-1-1024x1024.jpg\" alt=\"\" class=\"wp-image-1349\" srcset=\"https:\/\/www.truetone.pl\/wp-content\/uploads\/2026\/03\/TT26-Earth-and-Bones-Marcin-Rak-1080x1080-1-1024x1024.jpg 1024w, https:\/\/www.truetone.pl\/wp-content\/uploads\/2026\/03\/TT26-Earth-and-Bones-Marcin-Rak-1080x1080-1-300x300.jpg 300w, https:\/\/www.truetone.pl\/wp-content\/uploads\/2026\/03\/TT26-Earth-and-Bones-Marcin-Rak-1080x1080-1-150x150.jpg 150w, https:\/\/www.truetone.pl\/wp-content\/uploads\/2026\/03\/TT26-Earth-and-Bones-Marcin-Rak-1080x1080-1-768x768.jpg 768w, https:\/\/www.truetone.pl\/wp-content\/uploads\/2026\/03\/TT26-Earth-and-Bones-Marcin-Rak-1080x1080-1.jpg 1080w\" sizes=\"(max-width: 1024px) 100vw, 1024px\" \/><\/figure>\n\n\n\n<p class=\"has-midsmall-font-size\"><strong>Earth and Bones x Marcin Rak &#8211; na specjalne zam\u00f3wienie True Tone Festival.<\/strong><\/p>\n\n\n\n<p class=\"has-small-font-size\"><strong>Idris Rahman i Liran Donin<\/strong> znani s\u0105 przede wszystkim z zespo\u0142u <em>Ill Considered<\/em> \u2013 jednej z najciekawszych formacji wsp\u00f3\u0142czesnej londy\u0144skiej sceny improwizowanej, gdzie buduj\u0105 intensywne, transowe struktury oparte na repetycji i kolektywnej energii. Natomiast <strong>Earth and Bones<\/strong> to ich najbardziej surowa ods\u0142ona. Duet klarnetu\/\/saksofonu i kontrabasu rezygnuje tu z formy na rzecz relacji: d\u017awi\u0119k \u2013 przestrze\u0144 \u2013 czas. W tym projekcie muzyka nie rozwija si\u0119 linearnie, a raczej zag\u0119szcza i rozprasza. Pracuje napi\u0119ciem, oddechem, mikrozmian\u0105. Je\u015bli mieli\u015bcie okazje uczestniczy\u0107 w koncercie z udzia\u0142em Idrisa i Lirana, na pewno wiecie, \u017ce ich koncerty nie polegaj\u0105 na odtwarzaniu utwor\u00f3w z album\u00f3w, to stuprocentowa improwizacja, czyli ci\u0105g\u0142a decyzja: s\u0142ucha\u0107, reagowa\u0107, zostawia\u0107 miejsce.<br><br>W tym uk\u0142adzie pojawia si\u0119 <strong>Marcin Rak<\/strong> \u2013 perkusista znany z <strong>E.A.B.S<\/strong>., <strong>Zimy Stulecia i B\u0142ota.<\/strong>&nbsp;Je\u015bli Earth and Bones operuje przestrzeni\u0105, Rak pracuje czasem.&nbsp;Jego granie wyrasta z groove\u2019u i muzyki beatowej, hip-hopu, repetycji, lecz nie zamyka si\u0119 w schemacie. Rytm nie stabilizuje, tylko wprowadza ruch, przesuwa akcenty, zag\u0119szcza, czasem rozbija puls od \u015brodka. Czy mo\u017cna przewidzie\u0107 efekt ko\u0144cowy po\u0142\u0105czenia londy\u0144skiej improwizacji,&nbsp;europejskiego, akustycznego grania bez formy i&nbsp;wsp\u00f3\u0142czesnego groove\u2019u?<br><br>Jedno wiemy na pewno, \u017ce us\u0142yszycie jednorazowe zdarzenie.&nbsp;Bez powt\u00f3rki.<\/p>\n\n\n\n<p style=\"font-size:12px\"><\/p>\n<\/div>\n\n\n\n<div class=\"wp-block-column is-layout-flow wp-block-column-is-layout-flow\">\n<figure class=\"wp-block-image size-large\"><img decoding=\"async\" width=\"1024\" height=\"1024\" src=\"https:\/\/www.truetone.pl\/wp-content\/uploads\/2026\/02\/TT26-Nene-Heroine-1080x1080-1-1024x1024.jpg\" alt=\"\" class=\"wp-image-1272\" srcset=\"https:\/\/www.truetone.pl\/wp-content\/uploads\/2026\/02\/TT26-Nene-Heroine-1080x1080-1-1024x1024.jpg 1024w, https:\/\/www.truetone.pl\/wp-content\/uploads\/2026\/02\/TT26-Nene-Heroine-1080x1080-1-300x300.jpg 300w, https:\/\/www.truetone.pl\/wp-content\/uploads\/2026\/02\/TT26-Nene-Heroine-1080x1080-1-150x150.jpg 150w, https:\/\/www.truetone.pl\/wp-content\/uploads\/2026\/02\/TT26-Nene-Heroine-1080x1080-1-768x768.jpg 768w, https:\/\/www.truetone.pl\/wp-content\/uploads\/2026\/02\/TT26-Nene-Heroine-1080x1080-1.jpg 1080w\" sizes=\"(max-width: 1024px) 100vw, 1024px\" \/><\/figure>\n\n\n\n<p style=\"font-size:16px\">Oryginalnego brzmienia <strong>Nene Heroine<\/strong> nie da si\u0119 pomyli\u0107 z \u017cadnym innym. Ten tr\u00f3jmiejski zesp\u00f3\u0142 wypracowa\u0142 w\u0142asny styl ju\u017c na pierwszym albumie \u201eTotal Panorma\u201d z 2019 roku. Ich muzyka to mikstura analogowych brzmie\u0144, dubu, post-rocka, improwizacji oraz komunikatywnych melodii wykonywanych przez grup\u0119 wybitnych muzyk\u00f3w. Na drugim albumie \u201eMova\u201d (2022) kontynuuj\u0105 swoj\u0105 podr\u00f3\u017c w obranym wcze\u015bniej kierunku, a jazz nadal traktuj\u0105 jako punkt wyj\u015bcia do tworzenia nowych struktur. <\/p>\n\n\n\n<p style=\"font-size:16px\">Czwarty album tr\u00f3jmiejskiego zespo\u0142u Nene Heroine to symboliczna podr\u00f3\u017c do korzeni \u2013 do pierwotnej, s\u0142owia\u0144skiej energii, zakl\u0119tej w d\u017awi\u0119kach, rytmach i gestach. \u201e4\u201d to nie tylko kolejna p\u0142yta w ich dorobku \u2013 to manifest. Duchowe i muzyczne do\u015bwiadczenie, kt\u00f3re opowiada o jedno\u015bci czterech \u017cywio\u0142\u00f3w: wody, ognia, powietrza i ziemi. Ich esencje uj\u0119to w czterech prostych formach geometrycznych \u2013 kole, tr\u00f3jk\u0105cie, rombie i kwadracie \u2013 sk\u0142adaj\u0105cych si\u0119 na unikalny koncept wizualny albumu. Muzyka powstawa\u0142a kolektywnie, w domku po\u015br\u00f3d lasu \u2013 z dala od miasta, blisko natury, w rytmie dnia i nocy. To w\u0142a\u015bnie tam narodzi\u0142a si\u0119 muzyczna materia, kt\u00f3ra po raz pierwszy tak wiernie oddaje koncertow\u0105 energi\u0119 zespo\u0142u. \u201e4\u201d to pierwsze wydawnictwo Nene Heroine, kt\u00f3re uchwyci\u0142o t\u0119 dziko\u015b\u0107 i spontaniczno\u015b\u0107, znan\u0105 z ich wyst\u0119p\u00f3w na \u017cywo. Podczas koncert\u00f3w cz\u0142onkowie zespo\u0142u zak\u0142adaj\u0105 z\u0142ote maski, staj\u0105c si\u0119 uczestnikami rytua\u0142u. Dzi\u0119ki temu gestowi zyskuj\u0105 anonimowo\u015b\u0107 i symbolicznie jednocz\u0105 si\u0119 z \u017cywio\u0142ami, kt\u00f3re celebruj\u0105 poprzez muzyk\u0119. Efektem tej ceremonii jest energia \u2013 \u017cywa, pulsuj\u0105ca, transformowana w d\u017awi\u0119k.<\/p>\n\n\n\n<p style=\"font-size:16px\">Styl Nene Heroine nieustannie ewoluuje, a \u201e4\u201d to krok w nowym, \u015bwiadomym kierunku. To album organiczny, mocny, mistyczny \u2013 i zespo\u0142owy jak nigdy wcze\u015bniej. Muzycy na koncie maj\u0105 wyst\u0119py na wielu festiwalach, takich jak OFF Festival, Inside Seaside, ESNS (Holandia), True Tone Festival, Good Vibe Festival, Jazz Jantar, Sea You, Tauron Nowa Muzyka, JazzAround i M\u0119skie Granie.<\/p>\n\n\n\n<p class=\"has-small-font-size\"><strong>SK\u0141AD<\/strong>: Peter Stanley Chester (saksofon), Michael Zismann (gitara), Tony Sadeky (bas) oraz Stan Corazon (perkusja)<\/p>\n<\/div>\n<\/div>\n","protected":false},"excerpt":{"rendered":"<p>RUINY TEATRU VICTORIAAl. Przyja\u017ani 18, GliwiceI koncert godz. 19:00, II koncert godz. 21:00 Earth and Bones x Marcin Rak &#8211; na specjalne zam\u00f3wienie True Tone Festival. Idris Rahman i Liran Donin znani s\u0105 przede wszystkim z zespo\u0142u Ill Considered \u2013 jednej z najciekawszych formacji wsp\u00f3\u0142czesnej londy\u0144skiej sceny improwizowanej, gdzie buduj\u0105 intensywne, transowe struktury oparte na [&hellip;]<\/p>\n","protected":false},"author":2,"featured_media":0,"parent":0,"menu_order":0,"comment_status":"closed","ping_status":"closed","template":"","meta":{"footnotes":""},"class_list":["post-1271","page","type-page","status-publish","hentry"],"featured_image_src":false,"featured_image_src_square":false,"rbea_author_info":{"display_name":"Redaktor","author_link":"https:\/\/www.truetone.pl\/index.php\/author\/redaktor\/"},"rbea_excerpt_info":"RUINY TEATRU VICTORIAAl. Przyja\u017ani 18, GliwiceI koncert godz. 19:00, II koncert godz. 21:00 Earth and Bones x Marcin Rak &#8211; na specjalne zam\u00f3wienie True Tone Festival. Idris Rahman i Liran Donin znani s\u0105 przede wszystkim z zespo\u0142u Ill Considered \u2013 jednej z najciekawszych formacji wsp\u00f3\u0142czesnej londy\u0144skiej sceny improwizowanej, gdzie buduj\u0105 intensywne, transowe struktury oparte na [&hellip;]","_links":{"self":[{"href":"https:\/\/www.truetone.pl\/index.php\/wp-json\/wp\/v2\/pages\/1271","targetHints":{"allow":["GET"]}}],"collection":[{"href":"https:\/\/www.truetone.pl\/index.php\/wp-json\/wp\/v2\/pages"}],"about":[{"href":"https:\/\/www.truetone.pl\/index.php\/wp-json\/wp\/v2\/types\/page"}],"author":[{"embeddable":true,"href":"https:\/\/www.truetone.pl\/index.php\/wp-json\/wp\/v2\/users\/2"}],"replies":[{"embeddable":true,"href":"https:\/\/www.truetone.pl\/index.php\/wp-json\/wp\/v2\/comments?post=1271"}],"version-history":[{"count":6,"href":"https:\/\/www.truetone.pl\/index.php\/wp-json\/wp\/v2\/pages\/1271\/revisions"}],"predecessor-version":[{"id":1350,"href":"https:\/\/www.truetone.pl\/index.php\/wp-json\/wp\/v2\/pages\/1271\/revisions\/1350"}],"wp:attachment":[{"href":"https:\/\/www.truetone.pl\/index.php\/wp-json\/wp\/v2\/media?parent=1271"}],"curies":[{"name":"wp","href":"https:\/\/api.w.org\/{rel}","templated":true}]}}