{"id":1262,"date":"2026-02-02T11:14:51","date_gmt":"2026-02-02T10:14:51","guid":{"rendered":"https:\/\/www.truetone.pl\/?page_id=1262"},"modified":"2026-03-03T12:32:47","modified_gmt":"2026-03-03T11:32:47","slug":"28-05-glupi-komputer","status":"publish","type":"page","link":"https:\/\/www.truetone.pl\/index.php\/28-05-glupi-komputer\/","title":{"rendered":"28.05 G\u0142upi Komputer ++"},"content":{"rendered":"\n<div class=\"wp-block-columns is-layout-flex wp-container-core-columns-is-layout-28f84493 wp-block-columns-is-layout-flex\">\n<div class=\"wp-block-column is-layout-flow wp-block-column-is-layout-flow\" style=\"flex-basis:66.66%\">\n<p class=\"has-two-color has-one-background-color has-text-color has-background\" style=\"font-size:28px\">RUINY TEATRU VICTORIA<br>Al. Przyja\u017ani 18, Gliwice, godz. 19:00<\/p>\n<\/div>\n\n\n\n<div class=\"wp-block-column is-layout-flow wp-block-column-is-layout-flow\" style=\"flex-basis:33.33%\">\n<div class=\"wp-block-buttons is-layout-flex wp-block-buttons-is-layout-flex\">\n<div class=\"wp-block-button\"><a class=\"wp-block-button__link wp-element-button\" href=\"https:\/\/ckv.systembiletowy.pl\/index.php\/repertoire.html?id=5457\">BILETY<\/a><\/div>\n\n\n\n<div class=\"wp-block-button\"><a class=\"wp-block-button__link wp-element-button\" href=\"https:\/\/www.truetone.pl\/index.php\/line-up-2026\/\">LINE-UP &#8217;26<\/a><\/div>\n<\/div>\n<\/div>\n<\/div>\n\n\n\n<div class=\"wp-block-columns is-layout-flex wp-container-core-columns-is-layout-28f84493 wp-block-columns-is-layout-flex\">\n<div class=\"wp-block-column is-layout-flow wp-block-column-is-layout-flow\">\n<figure class=\"wp-block-image aligncenter size-large\"><img fetchpriority=\"high\" decoding=\"async\" width=\"1024\" height=\"1024\" src=\"https:\/\/www.truetone.pl\/wp-content\/uploads\/2026\/02\/TT26-GK-1080x1080-1-1024x1024.jpg\" alt=\"\" class=\"wp-image-1263\" srcset=\"https:\/\/www.truetone.pl\/wp-content\/uploads\/2026\/02\/TT26-GK-1080x1080-1-1024x1024.jpg 1024w, https:\/\/www.truetone.pl\/wp-content\/uploads\/2026\/02\/TT26-GK-1080x1080-1-300x300.jpg 300w, https:\/\/www.truetone.pl\/wp-content\/uploads\/2026\/02\/TT26-GK-1080x1080-1-150x150.jpg 150w, https:\/\/www.truetone.pl\/wp-content\/uploads\/2026\/02\/TT26-GK-1080x1080-1-768x768.jpg 768w, https:\/\/www.truetone.pl\/wp-content\/uploads\/2026\/02\/TT26-GK-1080x1080-1.jpg 1080w\" sizes=\"(max-width: 1024px) 100vw, 1024px\" \/><\/figure>\n\n\n\n<p style=\"font-size:12px\">SK\u0141AD: Daniel Karpju Karpi\u0144ski &#8211; perkusja, electronic beats, Micha\u0142 Fetler \u2013 saksofon basowy, saksofon alt, Polivoks, Jakub Kr\u00f3likowski &#8211; syntezatory<\/p>\n<\/div>\n\n\n\n<div class=\"wp-block-column is-layout-flow wp-block-column-is-layout-flow\">\n<p style=\"font-size:16px\"><strong>G\u0142upi Komputer<\/strong> powsta\u0142 dzi\u0119ki silnej relacji towarzysko-artystycznej trzech pozna\u0144skich muzyk\u00f3w, wywodz\u0105cych si\u0119 z pozornie odr\u0119bnych \u015brodowisk: post-rockowego, klasycznego i jazzowego oraz akademickiego i kompozytorskiego. <strong>Fetler, Karpi\u0144ski i Kr\u00f3likowski <\/strong>wsp\u00f3\u0142pracuj\u0105 od wielu lat w ansamblach Fanfara Awantura i Polmuz, tym razem jednak w \u201cnajlepszym\u201d z mo\u017cliwych uk\u0142ad\u00f3w czyli w tercecie stworzyli zesp\u00f3\u0142 ca\u0142kowicie autorski, kt\u00f3rego repertuar sklasyfikowa\u0107 do\u015b\u0107 trudno ale pr\u00f3buj\u0105c to zrobi\u0107, mo\u017cna napisa\u0107, \u017ce s\u0105 to jednocze\u015bnie przebojowe piosenki, awangardowa muzyka improwizowana, ci\u0119\u017cka elektronika, toksyczny drum&#8217;n&#8217;bass i popowe ballady, z\u0142\u0105czone w jeden nieprzerwany, taneczny set koncertowy. Tw\u00f3rczo\u015b\u0107 G\u0142upiego Komputera nawi\u0105zuje do takich zespo\u0142\u00f3w jak Morphine, Too Many Zooz, Colin Stetson, Tortoise, Nerve czy Radiohead.<\/p>\n\n\n\n<p style=\"font-size:16px\">Debiutancki album &#8222;Jazz Not Found&#8221; by\u0142 jednym z najciekawszych i najg\u0142o\u015bniejszych debiut\u00f3w tamtego roku, a mo\u017ce nawet ostatnich paru lat.&nbsp;Na ubieg\u0142oroczne zam\u00f3wienie katowickiego NOSPRu, G\u0142upi Komputer z tercetu rozbudowany zosta\u0142 do septetu. Powi\u0119kszy\u0142a si\u0119 sekcja d\u0119ta o saksofony i suzafon, pojawi\u0142a si\u0119 marimba, wibrafon i inne perkusyjne instrumenty orkiestrowe.&nbsp; Po nazwie zespo\u0142u mo\u017cna wywnioskowa\u0107 jedno, muzycy nie u\u017cywaj\u0105 komputera jako instrumentu.&nbsp;<\/p>\n<\/div>\n<\/div>\n","protected":false},"excerpt":{"rendered":"<p>RUINY TEATRU VICTORIAAl. Przyja\u017ani 18, Gliwice, godz. 19:00 SK\u0141AD: Daniel Karpju Karpi\u0144ski &#8211; perkusja, electronic beats, Micha\u0142 Fetler \u2013 saksofon basowy, saksofon alt, Polivoks, Jakub Kr\u00f3likowski &#8211; syntezatory G\u0142upi Komputer powsta\u0142 dzi\u0119ki silnej relacji towarzysko-artystycznej trzech pozna\u0144skich muzyk\u00f3w, wywodz\u0105cych si\u0119 z pozornie odr\u0119bnych \u015brodowisk: post-rockowego, klasycznego i jazzowego oraz akademickiego i kompozytorskiego. Fetler, Karpi\u0144ski i [&hellip;]<\/p>\n","protected":false},"author":2,"featured_media":0,"parent":0,"menu_order":0,"comment_status":"closed","ping_status":"closed","template":"","meta":{"footnotes":""},"class_list":["post-1262","page","type-page","status-publish","hentry"],"featured_image_src":false,"featured_image_src_square":false,"rbea_author_info":{"display_name":"Redaktor","author_link":"https:\/\/www.truetone.pl\/index.php\/author\/redaktor\/"},"rbea_excerpt_info":"RUINY TEATRU VICTORIAAl. Przyja\u017ani 18, Gliwice, godz. 19:00 SK\u0141AD: Daniel Karpju Karpi\u0144ski &#8211; perkusja, electronic beats, Micha\u0142 Fetler \u2013 saksofon basowy, saksofon alt, Polivoks, Jakub Kr\u00f3likowski &#8211; syntezatory G\u0142upi Komputer powsta\u0142 dzi\u0119ki silnej relacji towarzysko-artystycznej trzech pozna\u0144skich muzyk\u00f3w, wywodz\u0105cych si\u0119 z pozornie odr\u0119bnych \u015brodowisk: post-rockowego, klasycznego i jazzowego oraz akademickiego i kompozytorskiego. Fetler, Karpi\u0144ski i [&hellip;]","_links":{"self":[{"href":"https:\/\/www.truetone.pl\/index.php\/wp-json\/wp\/v2\/pages\/1262","targetHints":{"allow":["GET"]}}],"collection":[{"href":"https:\/\/www.truetone.pl\/index.php\/wp-json\/wp\/v2\/pages"}],"about":[{"href":"https:\/\/www.truetone.pl\/index.php\/wp-json\/wp\/v2\/types\/page"}],"author":[{"embeddable":true,"href":"https:\/\/www.truetone.pl\/index.php\/wp-json\/wp\/v2\/users\/2"}],"replies":[{"embeddable":true,"href":"https:\/\/www.truetone.pl\/index.php\/wp-json\/wp\/v2\/comments?post=1262"}],"version-history":[{"count":4,"href":"https:\/\/www.truetone.pl\/index.php\/wp-json\/wp\/v2\/pages\/1262\/revisions"}],"predecessor-version":[{"id":1327,"href":"https:\/\/www.truetone.pl\/index.php\/wp-json\/wp\/v2\/pages\/1262\/revisions\/1327"}],"wp:attachment":[{"href":"https:\/\/www.truetone.pl\/index.php\/wp-json\/wp\/v2\/media?parent=1262"}],"curies":[{"name":"wp","href":"https:\/\/api.w.org\/{rel}","templated":true}]}}