{"id":1246,"date":"2026-01-25T18:57:25","date_gmt":"2026-01-25T17:57:25","guid":{"rendered":"https:\/\/www.truetone.pl\/?page_id=1246"},"modified":"2026-03-03T12:30:09","modified_gmt":"2026-03-03T11:30:09","slug":"22-05-tymon-tymanski-yasstet","status":"publish","type":"page","link":"https:\/\/www.truetone.pl\/index.php\/22-05-tymon-tymanski-yasstet\/","title":{"rendered":"22.05 Tymon Tyma\u0144ski YASSTET \/ Twoosty Mayonez"},"content":{"rendered":"\n<div class=\"wp-block-columns is-layout-flex wp-container-core-columns-is-layout-28f84493 wp-block-columns-is-layout-flex\">\n<div class=\"wp-block-column is-layout-flow wp-block-column-is-layout-flow\" style=\"flex-basis:66.66%\">\n<p class=\"has-two-color has-one-background-color has-text-color has-background\" style=\"font-size:28px\">RUINY TEATRU VICTORIA<br>Al. Przyja\u017ani 18, Gliwice<br>I koncert godz. 19:00, II koncert godz. 21:00<\/p>\n<\/div>\n\n\n\n<div class=\"wp-block-column is-layout-flow wp-block-column-is-layout-flow\" style=\"flex-basis:33.33%\">\n<div class=\"wp-block-buttons is-layout-flex wp-block-buttons-is-layout-flex\">\n<div class=\"wp-block-button\"><a class=\"wp-block-button__link wp-element-button\" href=\"https:\/\/ckv.systembiletowy.pl\/index.php\/repertoire.html?id=5454\">BILETY<\/a><\/div>\n\n\n\n<div class=\"wp-block-button\"><a class=\"wp-block-button__link wp-element-button\" href=\"https:\/\/www.truetone.pl\/index.php\/line-up-2026\/\">LINE-UP &#8217;26<\/a><\/div>\n<\/div>\n<\/div>\n<\/div>\n\n\n\n<div class=\"wp-block-columns is-layout-flex wp-container-core-columns-is-layout-28f84493 wp-block-columns-is-layout-flex\">\n<div class=\"wp-block-column is-layout-flow wp-block-column-is-layout-flow\">\n<figure class=\"wp-block-image aligncenter size-large\"><img fetchpriority=\"high\" decoding=\"async\" width=\"1024\" height=\"1024\" src=\"https:\/\/www.truetone.pl\/wp-content\/uploads\/2026\/01\/TT26-Ramka-artysta-1080x10801-1-1024x1024.png\" alt=\"\" class=\"wp-image-1247\" srcset=\"https:\/\/www.truetone.pl\/wp-content\/uploads\/2026\/01\/TT26-Ramka-artysta-1080x10801-1-1024x1024.png 1024w, https:\/\/www.truetone.pl\/wp-content\/uploads\/2026\/01\/TT26-Ramka-artysta-1080x10801-1-300x300.png 300w, https:\/\/www.truetone.pl\/wp-content\/uploads\/2026\/01\/TT26-Ramka-artysta-1080x10801-1-150x150.png 150w, https:\/\/www.truetone.pl\/wp-content\/uploads\/2026\/01\/TT26-Ramka-artysta-1080x10801-1-768x768.png 768w, https:\/\/www.truetone.pl\/wp-content\/uploads\/2026\/01\/TT26-Ramka-artysta-1080x10801-1.png 1080w\" sizes=\"(max-width: 1024px) 100vw, 1024px\" \/><\/figure>\n\n\n\n<p style=\"font-size:16px\"><strong>Yasstet <\/strong>to nowy projekt <strong>Tymona Tyma\u0144skiego<\/strong>, kt\u00f3ry zadebiutowa\u0142 w 2025 r. albumem, po\u015bwi\u0119conym ameryka\u0144skiemu kompozytorowi <strong>Theloniousowi Monkowi<\/strong>. Yasstet wsp\u00f3\u0142tworzy niezwyk\u0142a konstelacja luminarzy tr\u00f3jmiejskiej sceny muzyki improwizowanej. Saksofonista i klarnecista basowy Ireneusz Wojtczak i tr\u0119bacz Tomasz Zi\u0119tek &#8211; wraz z liderem odpowiadaj\u0105cy za nowe aran\u017cacje kompozycji ameryka\u0144skiego ekscentryka &#8211; to wybitni instrumentali\u015bci, maj\u0105cy na koncie zar\u00f3wno dokonania solowe, jak i g\u0142o\u015bne kolaboracje. Szymon Burnos i Jacek Pro\u015bci\u0144ski to nie mniej utalentowani muzycy m\u0142odego pokolenia, kt\u00f3rzy dali si\u0119 pozna\u0107 nie tylko jako rozchwytywani improwizatorzy, ale i samodzielni liderzy w\u0142asnych projekt\u00f3w. Ponadto w nagraniach muzyki Monka wzi\u0119li udzia\u0142 uznany saksofonista Marcin \u015alusarczyk (zwi\u0105zany z krakowsk\u0105 scen\u0105 oko\u0142ojazzow\u0105) oraz znakomity tr\u00f3jmiejski perkusista Jakub Staruszkiewicz.<\/p>\n\n\n\n<p style=\"font-size:16px\">&#8222;Us\u0142ysza\u0142em Monka w 1986 roku. Chyba z kasety, po\u017cyczonej od Tomka Gwincinskiego. Rok p\u00f3\u017aniej, przebywaj\u0105c na studenckim stypendium w Helsinkach, kupi\u0142em swoje pierwsze 3 winyle: \u201cKind Of Blue\u201d Davisa, \u201cBlue Trane\u201d Coltrane\u2019a i \u201cUnderground\u201d stryja Teloniusza (w zasadzie ostatni album, na kt\u00f3ry napisa\u0142 nowe i \u015bwie\u017co brzmi\u0105ce numery). W 1990 roku z pierwszego sk\u0142adu grupy Mi\u0142o\u015b\u0107 odeszli Jerzy Mazzoll i Bartek Szmit. Bartka zast\u0105pi\u0142 solidny b\u0119bniarz i matematyk, Piotrek Dudzi\u0144ski, a\u017ceby kilka miesi\u0119cy p\u00f3\u017aniej wybra\u0107 akademick\u0105 karier\u0119 i odda\u0107 perkusyjny sto\u0142ek genialnemu Jackowi Olterowi. Do naszego tercetu do\u0142\u0105czy\u0142 Gwincinski, kompozytor i gitarzysta, artystyczny omnibus i domoros\u0142y filozof. Z dnia na dzie\u0144 nasz juwenilny free jazz ust\u0105pi\u0142 coltranowsko-davisowskiemu post-bopowi, okraszonemu rozwichrzon\u0105 stylistyk\u0105 spod znaku ornettowskiego harmolodic. Chc\u0105c nie chc\u0105c, zabrali\u015bmy si\u0119&nbsp;za standardy. Wraz z Gwizdkiem uznali\u015bmy, i\u017c musimy nauczy\u0107 si\u0119 gra\u0107 w szachy, je\u015bli chcemy w spos\u00f3b uprawniony wiedz\u0105 wyj\u015b\u0107 poza szachownic\u0119 muzycznego znaczenia. Najch\u0119tniej \u0107wiczyli\u015bmy utwory wybitnych kompozytor\u00f3w, kt\u00f3re odznacza\u0142y si\u0119 swoistym, w mig rozpoznawalnym stylem: Monka, Coltrane\u2019a i Shortera. By\u0142 to rodzaj systemu asemantycznych aforyzm\u00f3w i rebus\u00f3w, kt\u00f3re, zamieszczone w wymy\u015blnej architektonice melodyki, harmoniki, agogiki i tembru, z daleka tchn\u0119\u0142y oryginalno\u015bci\u0105 i jako\u015bciow\u0105 powtarzalno\u015bci\u0105.<\/p>\n\n\n\n<p style=\"font-size:16px\"><em>Dla mnie Thelonious Sphere Monk &#8211; podobnie jak Ellington, Mingus, Coltrane, Coleman, Dolphy, Lacy czy Shorter &#8211; jest kompozytorem kompletnym. Gdy s\u0142ucham jego utwor\u00f3w, przypomina mi si\u0119 oniryczna logika powie\u015bci wybitnych literat\u00f3w pokroju Roussella, Kafki, Schulza, Gombrowicza, Kubina, Hrabala czy Vonneguta. Monk pisa\u0142 aforystycznie, idiosynkratycznie i ekscentrycznie. Mial sw\u00f3j klucz, spos\u00f3b, sznyt i szwung, mia\u0142 sw\u00f3j kompletny rytmiczno-melodyczno-harmoniczny system. W tym genialnym dziwactwie Thelonious by\u0142 powtarzalny i rozpoznawalny po paru nutach. Jego utwory potrafi\u0142y \u015bmieszy\u0107, frapowa\u0107 i wzrusza\u0107<\/em> &#8211; Tymon Tyma\u0144ski.&nbsp;<\/p>\n\n\n\n<p style=\"font-size:13px\"><strong>SK\u0141AD: Tymon Tyma\u0144ski &#8211; kontrabas Tomasz Zi\u0119tek &#8211; tr\u0105bka Szymon Burnos &#8211; klawisze Irek Wojtczak &#8211; Saksofony Jacek Pro\u015bci\u0144ski &#8211; perkusja.<\/strong><\/p>\n<\/div>\n\n\n\n<div class=\"wp-block-column is-layout-flow wp-block-column-is-layout-flow\">\n<figure class=\"wp-block-image size-large\"><img decoding=\"async\" width=\"1024\" height=\"1024\" src=\"https:\/\/www.truetone.pl\/wp-content\/uploads\/2026\/02\/TT26-Twoosty-Mayonez-1080x1080-1-1024x1024.jpg\" alt=\"TT26 Twoosty Mayonez 1080x1080\" class=\"wp-image-1290\" srcset=\"https:\/\/www.truetone.pl\/wp-content\/uploads\/2026\/02\/TT26-Twoosty-Mayonez-1080x1080-1-1024x1024.jpg 1024w, https:\/\/www.truetone.pl\/wp-content\/uploads\/2026\/02\/TT26-Twoosty-Mayonez-1080x1080-1-300x300.jpg 300w, https:\/\/www.truetone.pl\/wp-content\/uploads\/2026\/02\/TT26-Twoosty-Mayonez-1080x1080-1-150x150.jpg 150w, https:\/\/www.truetone.pl\/wp-content\/uploads\/2026\/02\/TT26-Twoosty-Mayonez-1080x1080-1-768x768.jpg 768w, https:\/\/www.truetone.pl\/wp-content\/uploads\/2026\/02\/TT26-Twoosty-Mayonez-1080x1080-1.jpg 1080w\" sizes=\"(max-width: 1024px) 100vw, 1024px\" \/><\/figure>\n\n\n\n<p style=\"font-size:16px\"><strong>Twoosty Mayonez<\/strong>&nbsp;to duet w sk\u0142adzie Bartosz Wolert \u2013 perkusja, Kornel Karolak \u2013 syntezatory, tworz\u0105cy muzyk\u0119 post jazzow\u0105, cz\u0119sto opart\u0105 o elementy muzyki elektronicznej, w tym tak\u017ce ambientu.<\/p>\n\n\n\n<p style=\"font-size:16px\"><br>Charakterystyczne dla zespo\u0142u s\u0105 mocno osadzone riffy basowe oraz elementy improwizacji, kt\u00f3re nadaj\u0105 ich utworom energetycznego i przestrzennego brzmienia. Duet potrafi stworzy\u0107 niepowtarzalny klimat, kt\u00f3ry wci\u0105ga s\u0142uchacza od pierwszych d\u017awi\u0119k\u00f3w, pomimo&nbsp;niekonwencjonalnego podej\u015bcia do komponowania.&nbsp;Ich utwory zawsze opowiadaj\u0105 jak\u0105\u015b histori\u0119, kt\u00f3ra porusza emocje i pobudza wyobra\u017ani\u0119. Swoj\u0105 unikaln\u0105 mieszank\u0105 rytm\u00f3w i melodii zyskuje coraz wi\u0119ksze grono fan\u00f3w na ca\u0142ym \u015bwiecie. Ich zaanga\u017cowanie w tworzenie autentycznej i innowacyjnej muzyki sprawia, ze s\u0105 jednym z najciekawszych zjawisk na polskiej scenie muzycznej.<br><br>Zesp\u00f3\u0142 zadebiutowa\u0142 albumem Carmin w 2023 roku. Na wydawnictwie &#8222;Generacja Jazz&#8221; \u2013 ich kompozycja pojawia si\u0119 w\u015br\u00f3d innych artyst\u00f3w nowej fali polskiego jazzu, tj.: Immortal Onion, USO 9001, Klawo. W minionym roku ukaza\u0142 si\u0119 ich drugi album &#8222;Niez\u0142e Bagno&#8221;, na kt\u00f3rym zaprosili takich muzyk\u00f3w jak: Olaf W\u0119gier (B\u0142oto, EABS), Wojtek Mazolewski (Wojtek Mazolewski), Ola Szmidt (Klawo).&nbsp;<\/p>\n<\/div>\n<\/div>\n","protected":false},"excerpt":{"rendered":"<p>RUINY TEATRU VICTORIAAl. Przyja\u017ani 18, GliwiceI koncert godz. 19:00, II koncert godz. 21:00 Yasstet to nowy projekt Tymona Tyma\u0144skiego, kt\u00f3ry zadebiutowa\u0142 w 2025 r. albumem, po\u015bwi\u0119conym ameryka\u0144skiemu kompozytorowi Theloniousowi Monkowi. Yasstet wsp\u00f3\u0142tworzy niezwyk\u0142a konstelacja luminarzy tr\u00f3jmiejskiej sceny muzyki improwizowanej. Saksofonista i klarnecista basowy Ireneusz Wojtczak i tr\u0119bacz Tomasz Zi\u0119tek &#8211; wraz z liderem odpowiadaj\u0105cy za [&hellip;]<\/p>\n","protected":false},"author":2,"featured_media":0,"parent":0,"menu_order":0,"comment_status":"closed","ping_status":"closed","template":"","meta":{"footnotes":""},"class_list":["post-1246","page","type-page","status-publish","hentry"],"featured_image_src":false,"featured_image_src_square":false,"rbea_author_info":{"display_name":"Redaktor","author_link":"https:\/\/www.truetone.pl\/index.php\/author\/redaktor\/"},"rbea_excerpt_info":"RUINY TEATRU VICTORIAAl. Przyja\u017ani 18, GliwiceI koncert godz. 19:00, II koncert godz. 21:00 Yasstet to nowy projekt Tymona Tyma\u0144skiego, kt\u00f3ry zadebiutowa\u0142 w 2025 r. albumem, po\u015bwi\u0119conym ameryka\u0144skiemu kompozytorowi Theloniousowi Monkowi. Yasstet wsp\u00f3\u0142tworzy niezwyk\u0142a konstelacja luminarzy tr\u00f3jmiejskiej sceny muzyki improwizowanej. Saksofonista i klarnecista basowy Ireneusz Wojtczak i tr\u0119bacz Tomasz Zi\u0119tek &#8211; wraz z liderem odpowiadaj\u0105cy za [&hellip;]","_links":{"self":[{"href":"https:\/\/www.truetone.pl\/index.php\/wp-json\/wp\/v2\/pages\/1246","targetHints":{"allow":["GET"]}}],"collection":[{"href":"https:\/\/www.truetone.pl\/index.php\/wp-json\/wp\/v2\/pages"}],"about":[{"href":"https:\/\/www.truetone.pl\/index.php\/wp-json\/wp\/v2\/types\/page"}],"author":[{"embeddable":true,"href":"https:\/\/www.truetone.pl\/index.php\/wp-json\/wp\/v2\/users\/2"}],"replies":[{"embeddable":true,"href":"https:\/\/www.truetone.pl\/index.php\/wp-json\/wp\/v2\/comments?post=1246"}],"version-history":[{"count":7,"href":"https:\/\/www.truetone.pl\/index.php\/wp-json\/wp\/v2\/pages\/1246\/revisions"}],"predecessor-version":[{"id":1322,"href":"https:\/\/www.truetone.pl\/index.php\/wp-json\/wp\/v2\/pages\/1246\/revisions\/1322"}],"wp:attachment":[{"href":"https:\/\/www.truetone.pl\/index.php\/wp-json\/wp\/v2\/media?parent=1246"}],"curies":[{"name":"wp","href":"https:\/\/api.w.org\/{rel}","templated":true}]}}