{"id":1236,"date":"2026-01-20T07:50:16","date_gmt":"2026-01-20T06:50:16","guid":{"rendered":"https:\/\/www.truetone.pl\/?page_id=1236"},"modified":"2026-03-17T07:32:29","modified_gmt":"2026-03-17T06:32:29","slug":"30-05-omasta","status":"publish","type":"page","link":"https:\/\/www.truetone.pl\/index.php\/30-05-omasta\/","title":{"rendered":"30.05 KURY \/ OMASTA"},"content":{"rendered":"\n<div class=\"wp-block-columns is-layout-flex wp-container-core-columns-is-layout-28f84493 wp-block-columns-is-layout-flex\">\n<div class=\"wp-block-column is-layout-flow wp-block-column-is-layout-flow\" style=\"flex-basis:66.66%\">\n<p class=\"has-two-color has-one-background-color has-text-color has-background\" style=\"font-size:28px\">RUINY TEATRU VICTORIA<br>Al. Przyja\u017ani 18, Gliwice<br>I koncert godz. 19:00, II koncert godz. 21:00<\/p>\n<\/div>\n\n\n\n<div class=\"wp-block-column is-layout-flow wp-block-column-is-layout-flow\" style=\"flex-basis:33.33%\">\n<div class=\"wp-block-buttons is-layout-flex wp-block-buttons-is-layout-flex\">\n<div class=\"wp-block-button\"><a class=\"wp-block-button__link wp-element-button\" href=\"https:\/\/ckv.systembiletowy.pl\/index.php\/repertoire.html?id=5472\">BILETY<\/a><\/div>\n\n\n\n<div class=\"wp-block-button\"><a class=\"wp-block-button__link wp-element-button\" href=\"https:\/\/www.truetone.pl\/index.php\/line-up-2026\/\">LINE-UP &#8217;26<\/a><\/div>\n<\/div>\n<\/div>\n<\/div>\n\n\n\n<div class=\"wp-block-columns is-layout-flex wp-container-core-columns-is-layout-28f84493 wp-block-columns-is-layout-flex\">\n<div class=\"wp-block-column is-layout-flow wp-block-column-is-layout-flow\">\n<figure class=\"wp-block-image size-large\"><img fetchpriority=\"high\" decoding=\"async\" width=\"1024\" height=\"1024\" src=\"https:\/\/www.truetone.pl\/wp-content\/uploads\/2026\/01\/TT26-Ramka-artysta-1080x1080-1-1024x1024.png\" alt=\"\" class=\"wp-image-1237\" srcset=\"https:\/\/www.truetone.pl\/wp-content\/uploads\/2026\/01\/TT26-Ramka-artysta-1080x1080-1-1024x1024.png 1024w, https:\/\/www.truetone.pl\/wp-content\/uploads\/2026\/01\/TT26-Ramka-artysta-1080x1080-1-300x300.png 300w, https:\/\/www.truetone.pl\/wp-content\/uploads\/2026\/01\/TT26-Ramka-artysta-1080x1080-1-150x150.png 150w, https:\/\/www.truetone.pl\/wp-content\/uploads\/2026\/01\/TT26-Ramka-artysta-1080x1080-1-768x768.png 768w, https:\/\/www.truetone.pl\/wp-content\/uploads\/2026\/01\/TT26-Ramka-artysta-1080x1080-1.png 1080w\" sizes=\"(max-width: 1024px) 100vw, 1024px\" \/><\/figure>\n<\/div>\n\n\n\n<div class=\"wp-block-column is-layout-flow wp-block-column-is-layout-flow\">\n<figure class=\"wp-block-image size-large\"><img decoding=\"async\" width=\"1024\" height=\"1024\" src=\"https:\/\/www.truetone.pl\/wp-content\/uploads\/2026\/03\/TT26-KURY-1080x1080-1-1024x1024.jpg\" alt=\"\" class=\"wp-image-1342\" srcset=\"https:\/\/www.truetone.pl\/wp-content\/uploads\/2026\/03\/TT26-KURY-1080x1080-1-1024x1024.jpg 1024w, https:\/\/www.truetone.pl\/wp-content\/uploads\/2026\/03\/TT26-KURY-1080x1080-1-300x300.jpg 300w, https:\/\/www.truetone.pl\/wp-content\/uploads\/2026\/03\/TT26-KURY-1080x1080-1-150x150.jpg 150w, https:\/\/www.truetone.pl\/wp-content\/uploads\/2026\/03\/TT26-KURY-1080x1080-1-768x768.jpg 768w, https:\/\/www.truetone.pl\/wp-content\/uploads\/2026\/03\/TT26-KURY-1080x1080-1.jpg 1080w\" sizes=\"(max-width: 1024px) 100vw, 1024px\" \/><\/figure>\n<\/div>\n<\/div>\n\n\n\n<div class=\"wp-block-columns is-layout-flex wp-container-core-columns-is-layout-28f84493 wp-block-columns-is-layout-flex\">\n<div class=\"wp-block-column is-layout-flow wp-block-column-is-layout-flow\">\n<p style=\"font-size:16px\">W 2024 i 2025 roku pi\u0119ciu m\u0142odych muzyk\u00f3w wyst\u0119puj\u0105cych pod szyldem <strong>Omasta<\/strong> szturmem zaznaczy\u0142o swoj\u0105 obecno\u015b\u0107 na polskiej i europejskiej scenie jazzowej. Zesp\u00f3\u0142 szybko zyska\u0142 uznanie dzi\u0119ki intensywnym, bezkompromisowym koncertom na \u017cywo, a w 2025 roku zaprezentowa\u0142 swoje debiutanckie wydawnictwo studyjne. <em>Jazz Report from the Hood<\/em> to album skomponowany kolektywnie \u2013 zanurzony w brzmieniach miejskich ulic i codzienno\u015bci wielkomiejskiego \u017cycia.<\/p>\n\n\n\n<p style=\"font-size:16px\">Nazwa grupy&nbsp;<strong>Omasta<\/strong> pochodzi z regionalnego krakowskiego dialektu i oznacza \u201et\u0142uszcz dodawany do potrawy dla smaku\u201d. To trafna metafora: muzyka zespo\u0142u jest g\u0119sta, nasycona masywn\u0105 perkusj\u0105 i g\u0142\u0119bokim, ci\u0119\u017ckim basem. Formacja wywodz\u0105ca si\u0119 z Krakowa krystalizowa\u0142a si\u0119 przez kilka lat, a jej oficjalny start mia\u0142 miejsce w lutym 2024 roku podczas koncertu po\u015bwi\u0119conego tw\u00f3rczo\u015bci J Dilli w Paul\u2019s Boutique.<\/p>\n\n\n\n<p style=\"font-size:16px\">W kolejnych miesi\u0105cach Omasta wyst\u0119powa\u0142a na klubowych scenach i festiwalach w Polsce oraz za granic\u0105 \u2013 m.in. w The Jazz Cafe i Ronnie Scott\u2019s w Londynie, AB w Brukseli oraz na Gent Jazz Festival. Muzycy dzielili scen\u0119 z takimi artystami jak Slum Village, Aquiles Navarro (Irreversible Entanglements), wieloletni wsp\u00f3\u0142pracownik Astigmatic Records Tenderlonious czy legenda polskiego free jazzu Leszek \u017b\u0105d\u0142o. R\u00f3wnolegle oddawali ho\u0142d tw\u00f3rczo\u015bci Madliba, przygotowuj\u0105c specjalne programy koncertowe. Co istotne, wi\u0119kszo\u015b\u0107 tych wydarze\u0144 mia\u0142a miejsce jeszcze przed premier\u0105 ich pierwszego singla.<\/p>\n\n\n\n<p style=\"font-size:16px\">Inspiracje J Dill\u0105 i Madlibem nie by\u0142y przypadkowe. Muzyka Omasty balansowa\u0142a pomi\u0119dzy zadymion\u0105, nieoczywist\u0105 estetyk\u0105 beat\u00f3w Detroit i Los Angeles, \u017cywym instrumentalnym hip-hopem a jazz-funkowym brzmieniem lat 70., czerpi\u0105c z dorobku takich ikon jak Roy Ayers, Donald Byrd czy Lonnie Liston Smith. Ca\u0142o\u015b\u0107 spaja\u0142 jednak wyrazisty, autorski j\u0119zyk zespo\u0142u oraz wyra\u017anie s\u0142yszalne polskie korzenie.<\/p>\n\n\n\n<p style=\"font-size:16px\"><em>Jazz Report from the Hood<\/em> to uniwersalna opowie\u015b\u0107 o \u017cyciu w mie\u015bcie \u2013 pozbawiona moralizowania, za to pe\u0142na autentyczno\u015bci. Album sta\u0142 si\u0119 \u015bcie\u017ck\u0105 d\u017awi\u0119kow\u0105 codziennego p\u0119du, odporno\u015bci i rytmu dzielnic, kt\u00f3re nas kszta\u0142tuj\u0105.<\/p>\n\n\n\n<p style=\"font-size:16px\">Debiutancka p\u0142yta Omasty ukaza\u0142a si\u0119 w 2025 roku nak\u0142adem <strong>Astigmatic Records<\/strong> w wersjach cyfrowych, na CD oraz winylu \u2013 zar\u00f3wno w edycji standardowej, jak i limitowanej. Materia\u0142 ten zesp\u00f3\u0142 zaprezentuje na \u017cywo <strong>30 maja 2026 roku w Ruinach Teatru Victoria w Gliwicach<\/strong>, przenosz\u0105c surow\u0105, miejsk\u0105 energi\u0119 albumu w wyj\u0105tkow\u0105, postindustrialn\u0105 przestrze\u0144 koncertow\u0105.<\/p>\n\n\n\n<p style=\"font-size:16px\"><br>(tekst oprac. na podstawie materia\u0142\u00f3w artysty: <a href=\"https:\/\/omasta.bandcamp.com\/album\/jazz-report-from-the-hood\" target=\"_blank\" rel=\"noreferrer noopener\">https:\/\/omasta.bandcamp.com\/album\/jazz-report-from-the-hood<\/a>)&nbsp;<\/p>\n\n\n\n<p><\/p>\n\n\n\n<p style=\"font-size:12px\">SK\u0141AD: <strong>Pawe\u0142 Kowalik<\/strong> (tr\u0105bka), <strong>Antoni Blumhoff<\/strong> (flet, saksofon sopranowy), <strong>Bruno Sikorski<\/strong> (fortepian, klawisze), <strong>Wojciech Roman<\/strong> (gitara basowa) i <strong>Nikodem Wikie\u0142<\/strong> (perkusja, sample).<\/p>\n<\/div>\n\n\n\n<div class=\"wp-block-column is-layout-flow wp-block-column-is-layout-flow\">\n<p style=\"font-size:16px\">Kury, to polski zesp\u00f3\u0142 muzyczny, zaliczany do yassu i rocka alternatywnego, za\u0142o\u017cony w czerwcu 1992 przez Tymona Tyma\u0144skiego. Za sw\u00f3j drugi album &#8222;P.O.L.O.V.I.R.U.S&#8221; otrzymali nagrod\u0119 Fryderyka 1998<br>roku, okrzykni\u0119ty przez dziennikarzy za jedn\u0105 z najlepszych p\u0142yt lat 90. <\/p>\n\n\n\n<p style=\"font-size:16px\"><\/p>\n\n\n\n<p style=\"font-size:16px\">Zesp\u00f3\u0142 zawiesi\u0142 dzia\u0142alno\u015b\u0107 w roku 2003 i wr\u00f3ci\u0142 do gry po ponad 20 latach. Niespodziewanie dla wi\u0119kszo\u015bci fan\u00f3w, na wiosn\u0119 roku 2024 nast\u0105pi\u0142o cudowne koncertowe wskrzeszenie kurzych truch\u0142, dla odpowiedniego efektu wzmocnione spektakularnymi re-edycjami p\u0142yt &#8222;P.O.L.O.V.I.R.U.S&#8221; oraz &#8222;100 lat undergroundu&#8221; przez czujn\u0105 gdy\u0144sk\u0105 wytw\u00f3rni\u0119 S7. Na jesieni 2024 Kury jeszcze raz ruszy\u0142y w tras\u0119 ze swoimi nie\u015bmiertelnymi, idiotycznymi piosenkami z lat 90., a\u017ceby wczesn\u0105 wiosn\u0105 roku 2025 po\u015bwi\u0119ci\u0107 si\u0119 nagrywaniu nowego wiekopomnego dzie\u0142a, zatytu\u0142owanego &#8222;Uno Lovis Party&#8221; (premiera wydawnictwa 19 wrze\u015bnia 2025<br>roku). W maju 2025 premier\u0119 mia\u0142 dokumentalny obrazek o grupie autorstwa Jakuba Knery i Konrada Kulczy\u0144skiego pt. &#8222;Najg\u0142upsza p\u0142yta \u015bwiata&#8221;.<\/p>\n\n\n\n<p style=\"font-size:16px\"><br>Wiosn\u0105 2026 sowizdrzalsko-postrockowa formacja pilnie przygotowuje si\u0119 do kolejnej cz\u0119\u015bci og\u00f3lnopolskiej trasy, promuj\u0105cej now\u0105 publikacj\u0119 (bie\u017cnia, si\u0142ownia, kriokomora, piramida tlenowo-helowa, joga, tai-chi<br>chuan oraz coitus interruptus). Legendarna formacja znana jest z energetycznych, \u017cywio\u0142owych koncert\u00f3w, okraszonych dawk\u0105 dowcipnej konferansjerki oraz wirtuozerskich partii solowych.<\/p>\n\n\n\n<p style=\"font-size:16px\">Obecnie Kury wyst\u0119puj\u0105 w sk\u0142adzie: Tymon Tyma\u0144ski (gitara, bas, wokal), Olaf Deriglasoff (gitara, bas, wokal), Szymon Burnos (instrumenty klawiszowe, wokal), Alan Kapo\u0142ka (perkusja, wokal).<\/p>\n\n\n\n<p style=\"font-size:16px\"><\/p>\n<\/div>\n<\/div>\n\n\n\n<p><\/p>\n","protected":false},"excerpt":{"rendered":"<p>RUINY TEATRU VICTORIAAl. Przyja\u017ani 18, GliwiceI koncert godz. 19:00, II koncert godz. 21:00 W 2024 i 2025 roku pi\u0119ciu m\u0142odych muzyk\u00f3w wyst\u0119puj\u0105cych pod szyldem Omasta szturmem zaznaczy\u0142o swoj\u0105 obecno\u015b\u0107 na polskiej i europejskiej scenie jazzowej. Zesp\u00f3\u0142 szybko zyska\u0142 uznanie dzi\u0119ki intensywnym, bezkompromisowym koncertom na \u017cywo, a w 2025 roku zaprezentowa\u0142 swoje debiutanckie wydawnictwo studyjne. Jazz [&hellip;]<\/p>\n","protected":false},"author":2,"featured_media":0,"parent":0,"menu_order":0,"comment_status":"closed","ping_status":"closed","template":"","meta":{"footnotes":""},"class_list":["post-1236","page","type-page","status-publish","hentry"],"featured_image_src":false,"featured_image_src_square":false,"rbea_author_info":{"display_name":"Redaktor","author_link":"https:\/\/www.truetone.pl\/index.php\/author\/redaktor\/"},"rbea_excerpt_info":"RUINY TEATRU VICTORIAAl. Przyja\u017ani 18, GliwiceI koncert godz. 19:00, II koncert godz. 21:00 W 2024 i 2025 roku pi\u0119ciu m\u0142odych muzyk\u00f3w wyst\u0119puj\u0105cych pod szyldem Omasta szturmem zaznaczy\u0142o swoj\u0105 obecno\u015b\u0107 na polskiej i europejskiej scenie jazzowej. Zesp\u00f3\u0142 szybko zyska\u0142 uznanie dzi\u0119ki intensywnym, bezkompromisowym koncertom na \u017cywo, a w 2025 roku zaprezentowa\u0142 swoje debiutanckie wydawnictwo studyjne. Jazz [&hellip;]","_links":{"self":[{"href":"https:\/\/www.truetone.pl\/index.php\/wp-json\/wp\/v2\/pages\/1236","targetHints":{"allow":["GET"]}}],"collection":[{"href":"https:\/\/www.truetone.pl\/index.php\/wp-json\/wp\/v2\/pages"}],"about":[{"href":"https:\/\/www.truetone.pl\/index.php\/wp-json\/wp\/v2\/types\/page"}],"author":[{"embeddable":true,"href":"https:\/\/www.truetone.pl\/index.php\/wp-json\/wp\/v2\/users\/2"}],"replies":[{"embeddable":true,"href":"https:\/\/www.truetone.pl\/index.php\/wp-json\/wp\/v2\/comments?post=1236"}],"version-history":[{"count":8,"href":"https:\/\/www.truetone.pl\/index.php\/wp-json\/wp\/v2\/pages\/1236\/revisions"}],"predecessor-version":[{"id":1344,"href":"https:\/\/www.truetone.pl\/index.php\/wp-json\/wp\/v2\/pages\/1236\/revisions\/1344"}],"wp:attachment":[{"href":"https:\/\/www.truetone.pl\/index.php\/wp-json\/wp\/v2\/media?parent=1236"}],"curies":[{"name":"wp","href":"https:\/\/api.w.org\/{rel}","templated":true}]}}